{"id":13,"date":"2022-08-20T04:35:45","date_gmt":"2022-08-20T04:35:45","guid":{"rendered":"https:\/\/abcbureautique.com\/?page_id=13"},"modified":"2025-10-01T05:47:01","modified_gmt":"2025-10-01T05:47:01","slug":"materiel","status":"publish","type":"page","link":"https:\/\/abcbureautique.com\/?page_id=13","title":{"rendered":"Materiel"},"content":{"rendered":"\t\t<div data-elementor-type=\"wp-page\" data-elementor-id=\"13\" class=\"elementor elementor-13\">\n\t\t\t\t\t\t<section class=\"elementor-section elementor-top-section elementor-element elementor-element-c3c4db4 elementor-section-boxed elementor-section-height-default elementor-section-height-default\" data-id=\"c3c4db4\" data-element_type=\"section\">\n\t\t\t\t\t\t<div class=\"elementor-container elementor-column-gap-default\">\n\t\t\t\t\t<div class=\"elementor-column elementor-col-100 elementor-top-column elementor-element elementor-element-359811b\" data-id=\"359811b\" data-element_type=\"column\">\n\t\t\t<div class=\"elementor-widget-wrap elementor-element-populated\">\n\t\t\t\t\t\t<div class=\"elementor-element elementor-element-fc25ce9 elementor-widget-divider--view-line elementor-widget elementor-widget-divider\" data-id=\"fc25ce9\" data-element_type=\"widget\" data-widget_type=\"divider.default\">\n\t\t\t\t<div class=\"elementor-widget-container\">\n\t\t\t\t\t\t\t<div class=\"elementor-divider\">\n\t\t\t<span class=\"elementor-divider-separator\">\n\t\t\t\t\t\t<\/span>\n\t\t<\/div>\n\t\t\t\t\t\t<\/div>\n\t\t\t\t<\/div>\n\t\t\t\t\t<\/div>\n\t\t<\/div>\n\t\t\t\t\t<\/div>\n\t\t<\/section>\n\t\t\t\t<section class=\"elementor-section elementor-top-section elementor-element elementor-element-6da96bc elementor-section-boxed elementor-section-height-default elementor-section-height-default\" data-id=\"6da96bc\" data-element_type=\"section\">\n\t\t\t\t\t\t<div class=\"elementor-container elementor-column-gap-default\">\n\t\t\t\t\t<div class=\"elementor-column elementor-col-100 elementor-top-column elementor-element elementor-element-a30cb06\" data-id=\"a30cb06\" data-element_type=\"column\">\n\t\t\t<div class=\"elementor-widget-wrap elementor-element-populated\">\n\t\t\t\t\t\t<div class=\"elementor-element elementor-element-c599e21 elementor-widget elementor-widget-text-editor\" data-id=\"c599e21\" data-element_type=\"widget\" data-widget_type=\"text-editor.default\">\n\t\t\t\t<div class=\"elementor-widget-container\">\n\t\t\t\t\t\t\t\t\t<h2>Notre \u00e9quipe technique et commerciale, forte de 35 ann\u00e9es d\u2019exp\u00e9rience est \u00e0 votre \u00e9coute pour vous renseigner sur l\u2019achat ou la r\u00e9paration de votre mat\u00e9riel bureautique&nbsp;<strong>(toutes marques)<\/strong>&nbsp;.<\/h2>\t\t\t\t\t\t\t\t<\/div>\n\t\t\t\t<\/div>\n\t\t\t\t\t<\/div>\n\t\t<\/div>\n\t\t\t\t\t<\/div>\n\t\t<\/section>\n\t\t\t\t<section class=\"elementor-section elementor-top-section elementor-element elementor-element-2e93d4c elementor-section-boxed elementor-section-height-default elementor-section-height-default\" data-id=\"2e93d4c\" data-element_type=\"section\">\n\t\t\t\t\t\t<div class=\"elementor-container elementor-column-gap-default\">\n\t\t\t\t\t<div class=\"elementor-column elementor-col-100 elementor-top-column elementor-element elementor-element-f66d914\" data-id=\"f66d914\" data-element_type=\"column\">\n\t\t\t<div class=\"elementor-widget-wrap elementor-element-populated\">\n\t\t\t\t\t\t<div class=\"elementor-element elementor-element-35d1c99 elementor-widget elementor-widget-spacer\" data-id=\"35d1c99\" data-element_type=\"widget\" data-widget_type=\"spacer.default\">\n\t\t\t\t<div class=\"elementor-widget-container\">\n\t\t\t\t\t\t\t<div class=\"elementor-spacer\">\n\t\t\t<div class=\"elementor-spacer-inner\"><\/div>\n\t\t<\/div>\n\t\t\t\t\t\t<\/div>\n\t\t\t\t<\/div>\n\t\t\t\t\t<\/div>\n\t\t<\/div>\n\t\t\t\t\t<\/div>\n\t\t<\/section>\n\t\t\t\t<section class=\"elementor-section elementor-top-section elementor-element elementor-element-9cd44c6 elementor-section-boxed elementor-section-height-default elementor-section-height-default\" data-id=\"9cd44c6\" data-element_type=\"section\">\n\t\t\t\t\t\t<div class=\"elementor-container elementor-column-gap-default\">\n\t\t\t\t\t<div class=\"elementor-column elementor-col-25 elementor-top-column elementor-element elementor-element-8fb9e07\" data-id=\"8fb9e07\" data-element_type=\"column\">\n\t\t\t<div class=\"elementor-widget-wrap elementor-element-populated\">\n\t\t\t\t\t\t<div class=\"elementor-element elementor-element-8164fa7 elementor-invisible elementor-widget elementor-widget-image\" data-id=\"8164fa7\" data-element_type=\"widget\" data-settings=\"{&quot;_animation&quot;:&quot;zoomIn&quot;}\" data-widget_type=\"image.default\">\n\t\t\t\t<div class=\"elementor-widget-container\">\n\t\t\t\t\t\t\t\t\t\t\t\t\t\t\t<img fetchpriority=\"high\" decoding=\"async\" width=\"300\" height=\"300\" src=\"https:\/\/abcbureautique.com\/wp-content\/uploads\/2022\/08\/iPF-PRO-4000-FRT-1-300x300-1.jpg\" class=\"attachment-large size-large wp-image-129\" alt=\"\" srcset=\"https:\/\/abcbureautique.com\/wp-content\/uploads\/2022\/08\/iPF-PRO-4000-FRT-1-300x300-1.jpg 300w, https:\/\/abcbureautique.com\/wp-content\/uploads\/2022\/08\/iPF-PRO-4000-FRT-1-300x300-1-150x150.jpg 150w\" sizes=\"(max-width: 300px) 100vw, 300px\" \/>\t\t\t\t\t\t\t\t\t\t\t\t\t\t\t<\/div>\n\t\t\t\t<\/div>\n\t\t\t\t\t<\/div>\n\t\t<\/div>\n\t\t\t\t<div class=\"elementor-column elementor-col-25 elementor-top-column elementor-element elementor-element-70deee7\" data-id=\"70deee7\" data-element_type=\"column\">\n\t\t\t<div class=\"elementor-widget-wrap elementor-element-populated\">\n\t\t\t\t\t\t<div class=\"elementor-element elementor-element-6c06820 elementor-widget elementor-widget-image\" data-id=\"6c06820\" data-element_type=\"widget\" data-widget_type=\"image.default\">\n\t\t\t\t<div class=\"elementor-widget-container\">\n\t\t\t\t\t\t\t\t\t\t\t\t\t\t\t<img decoding=\"async\" width=\"552\" height=\"552\" src=\"https:\/\/abcbureautique.com\/wp-content\/uploads\/2022\/08\/maxify-gx7050-paper-tray-frt-06_business-printing-efficiency_03_6de1cdc23d604a24bef17c7e88fdab69.webp\" class=\"attachment-large size-large wp-image-60\" alt=\"\" srcset=\"https:\/\/abcbureautique.com\/wp-content\/uploads\/2022\/08\/maxify-gx7050-paper-tray-frt-06_business-printing-efficiency_03_6de1cdc23d604a24bef17c7e88fdab69.webp 552w, https:\/\/abcbureautique.com\/wp-content\/uploads\/2022\/08\/maxify-gx7050-paper-tray-frt-06_business-printing-efficiency_03_6de1cdc23d604a24bef17c7e88fdab69-300x300.webp 300w, https:\/\/abcbureautique.com\/wp-content\/uploads\/2022\/08\/maxify-gx7050-paper-tray-frt-06_business-printing-efficiency_03_6de1cdc23d604a24bef17c7e88fdab69-150x150.webp 150w\" sizes=\"(max-width: 552px) 100vw, 552px\" \/>\t\t\t\t\t\t\t\t\t\t\t\t\t\t\t<\/div>\n\t\t\t\t<\/div>\n\t\t\t\t\t<\/div>\n\t\t<\/div>\n\t\t\t\t<div class=\"elementor-column elementor-col-25 elementor-top-column elementor-element elementor-element-0f8a76e\" data-id=\"0f8a76e\" data-element_type=\"column\">\n\t\t\t<div class=\"elementor-widget-wrap elementor-element-populated\">\n\t\t\t\t\t\t<div class=\"elementor-element elementor-element-5d950c6 elementor-widget elementor-widget-image\" data-id=\"5d950c6\" data-element_type=\"widget\" data-widget_type=\"image.default\">\n\t\t\t\t<div class=\"elementor-widget-container\">\n\t\t\t\t\t\t\t\t\t\t\t\t\t\t\t<img decoding=\"async\" width=\"630\" height=\"577\" src=\"https:\/\/abcbureautique.com\/wp-content\/uploads\/2022\/08\/copieur-canon-ir-dx-c5840-i.png\" class=\"attachment-large size-large wp-image-67\" alt=\"\" srcset=\"https:\/\/abcbureautique.com\/wp-content\/uploads\/2022\/08\/copieur-canon-ir-dx-c5840-i.png 630w, https:\/\/abcbureautique.com\/wp-content\/uploads\/2022\/08\/copieur-canon-ir-dx-c5840-i-300x275.png 300w\" sizes=\"(max-width: 630px) 100vw, 630px\" \/>\t\t\t\t\t\t\t\t\t\t\t\t\t\t\t<\/div>\n\t\t\t\t<\/div>\n\t\t\t\t\t<\/div>\n\t\t<\/div>\n\t\t\t\t<div class=\"elementor-column elementor-col-25 elementor-top-column elementor-element elementor-element-5998626\" data-id=\"5998626\" data-element_type=\"column\">\n\t\t\t<div class=\"elementor-widget-wrap elementor-element-populated\">\n\t\t\t\t\t\t<div class=\"elementor-element elementor-element-506ba55 elementor-invisible elementor-widget elementor-widget-image\" data-id=\"506ba55\" data-element_type=\"widget\" data-settings=\"{&quot;_animation&quot;:&quot;zoomIn&quot;}\" data-widget_type=\"image.default\">\n\t\t\t\t<div class=\"elementor-widget-container\">\n\t\t\t\t\t\t\t\t\t\t\t\t\t\t\t<img loading=\"lazy\" decoding=\"async\" width=\"1024\" height=\"1024\" src=\"https:\/\/abcbureautique.com\/wp-content\/uploads\/2022\/08\/telechargement-1024x1024.jpg\" class=\"attachment-large size-large wp-image-59\" alt=\"\" srcset=\"https:\/\/abcbureautique.com\/wp-content\/uploads\/2022\/08\/telechargement-1024x1024.jpg 1024w, https:\/\/abcbureautique.com\/wp-content\/uploads\/2022\/08\/telechargement-300x300.jpg 300w, https:\/\/abcbureautique.com\/wp-content\/uploads\/2022\/08\/telechargement-150x150.jpg 150w, https:\/\/abcbureautique.com\/wp-content\/uploads\/2022\/08\/telechargement-768x768.jpg 768w, https:\/\/abcbureautique.com\/wp-content\/uploads\/2022\/08\/telechargement-600x600.jpg 600w, https:\/\/abcbureautique.com\/wp-content\/uploads\/2022\/08\/telechargement.jpg 1200w\" sizes=\"(max-width: 1024px) 100vw, 1024px\" \/>\t\t\t\t\t\t\t\t\t\t\t\t\t\t\t<\/div>\n\t\t\t\t<\/div>\n\t\t\t\t\t<\/div>\n\t\t<\/div>\n\t\t\t\t\t<\/div>\n\t\t<\/section>\n\t\t\t\t<section class=\"elementor-section elementor-top-section elementor-element elementor-element-26208f3 elementor-section-boxed elementor-section-height-default elementor-section-height-default\" data-id=\"26208f3\" data-element_type=\"section\">\n\t\t\t\t\t\t<div class=\"elementor-container elementor-column-gap-default\">\n\t\t\t\t\t<div class=\"elementor-column elementor-col-25 elementor-top-column elementor-element elementor-element-f8dca31\" data-id=\"f8dca31\" data-element_type=\"column\">\n\t\t\t<div class=\"elementor-widget-wrap elementor-element-populated\">\n\t\t\t\t\t\t<div class=\"elementor-element elementor-element-9d4fe3c elementor-widget elementor-widget-text-editor\" data-id=\"9d4fe3c\" data-element_type=\"widget\" data-widget_type=\"text-editor.default\">\n\t\t\t\t<div class=\"elementor-widget-container\">\n\t\t\t\t\t\t\t\t\t<p><em><strong>Traceur\u00a0<\/strong><\/em><\/p>\t\t\t\t\t\t\t\t<\/div>\n\t\t\t\t<\/div>\n\t\t\t\t\t<\/div>\n\t\t<\/div>\n\t\t\t\t<div class=\"elementor-column elementor-col-25 elementor-top-column elementor-element elementor-element-7f9dce1\" data-id=\"7f9dce1\" data-element_type=\"column\">\n\t\t\t<div class=\"elementor-widget-wrap elementor-element-populated\">\n\t\t\t\t\t\t<div class=\"elementor-element elementor-element-44bc255 elementor-widget elementor-widget-text-editor\" data-id=\"44bc255\" data-element_type=\"widget\" data-widget_type=\"text-editor.default\">\n\t\t\t\t<div class=\"elementor-widget-container\">\n\t\t\t\t\t\t\t\t\t<p><strong><em>Imprimante<\/em><\/strong><\/p>\t\t\t\t\t\t\t\t<\/div>\n\t\t\t\t<\/div>\n\t\t\t\t\t<\/div>\n\t\t<\/div>\n\t\t\t\t<div class=\"elementor-column elementor-col-25 elementor-top-column elementor-element elementor-element-c311ed2\" data-id=\"c311ed2\" data-element_type=\"column\">\n\t\t\t<div class=\"elementor-widget-wrap elementor-element-populated\">\n\t\t\t\t\t\t<div class=\"elementor-element elementor-element-adf1794 elementor-widget elementor-widget-text-editor\" data-id=\"adf1794\" data-element_type=\"widget\" data-widget_type=\"text-editor.default\">\n\t\t\t\t<div class=\"elementor-widget-container\">\n\t\t\t\t\t\t\t\t\t<p><em><strong>Photocopieur<\/strong><\/em><\/p>\t\t\t\t\t\t\t\t<\/div>\n\t\t\t\t<\/div>\n\t\t\t\t\t<\/div>\n\t\t<\/div>\n\t\t\t\t<div class=\"elementor-column elementor-col-25 elementor-top-column elementor-element elementor-element-3885d0b\" data-id=\"3885d0b\" data-element_type=\"column\">\n\t\t\t<div class=\"elementor-widget-wrap elementor-element-populated\">\n\t\t\t\t\t\t<div class=\"elementor-element elementor-element-8f50015 elementor-widget elementor-widget-text-editor\" data-id=\"8f50015\" data-element_type=\"widget\" data-widget_type=\"text-editor.default\">\n\t\t\t\t<div class=\"elementor-widget-container\">\n\t\t\t\t\t\t\t\t\t<p><em><strong>I<\/strong><strong>nformatique PC &amp; Mac<\/strong><\/em><\/p>\t\t\t\t\t\t\t\t<\/div>\n\t\t\t\t<\/div>\n\t\t\t\t\t<\/div>\n\t\t<\/div>\n\t\t\t\t\t<\/div>\n\t\t<\/section>\n\t\t\t\t<section class=\"elementor-section elementor-top-section elementor-element elementor-element-c67e730 elementor-section-boxed elementor-section-height-default elementor-section-height-default\" data-id=\"c67e730\" data-element_type=\"section\">\n\t\t\t\t\t\t<div class=\"elementor-container elementor-column-gap-default\">\n\t\t\t\t\t<div class=\"elementor-column elementor-col-100 elementor-top-column elementor-element elementor-element-1d447b2\" data-id=\"1d447b2\" data-element_type=\"column\">\n\t\t\t<div class=\"elementor-widget-wrap elementor-element-populated\">\n\t\t\t\t\t\t<div class=\"elementor-element elementor-element-aabd4de elementor-widget elementor-widget-spacer\" data-id=\"aabd4de\" data-element_type=\"widget\" data-widget_type=\"spacer.default\">\n\t\t\t\t<div class=\"elementor-widget-container\">\n\t\t\t\t\t\t\t<div class=\"elementor-spacer\">\n\t\t\t<div class=\"elementor-spacer-inner\"><\/div>\n\t\t<\/div>\n\t\t\t\t\t\t<\/div>\n\t\t\t\t<\/div>\n\t\t\t\t\t<\/div>\n\t\t<\/div>\n\t\t\t\t\t<\/div>\n\t\t<\/section>\n\t\t\t\t<section class=\"elementor-section elementor-top-section elementor-element elementor-element-27066c6 elementor-section-boxed elementor-section-height-default elementor-section-height-default\" data-id=\"27066c6\" data-element_type=\"section\">\n\t\t\t\t\t\t<div class=\"elementor-container elementor-column-gap-default\">\n\t\t\t\t\t<div class=\"elementor-column elementor-col-100 elementor-top-column elementor-element elementor-element-c756f8c\" data-id=\"c756f8c\" data-element_type=\"column\">\n\t\t\t<div class=\"elementor-widget-wrap elementor-element-populated\">\n\t\t\t\t\t\t<div class=\"elementor-element elementor-element-5a927f7 elementor-widget__width-initial gallery-spacing-custom elementor-widget elementor-widget-image-gallery\" data-id=\"5a927f7\" data-element_type=\"widget\" data-widget_type=\"image-gallery.default\">\n\t\t\t\t<div class=\"elementor-widget-container\">\n\t\t\t\t\t\t\t<div class=\"elementor-image-gallery\">\n\t\t\t<div id='gallery-1' class='gallery galleryid-13 gallery-columns-2 gallery-size-medium'><figure class='gallery-item'>\n\t\t\t<div class='gallery-icon landscape'>\n\t\t\t\t<img loading=\"lazy\" decoding=\"async\" width=\"300\" height=\"204\" src=\"https:\/\/abcbureautique.com\/wp-content\/uploads\/2022\/08\/Sauvegarder-ses-fichier-dans-le-Cloud-avec-RCB-Informatique-300x204.png\" class=\"attachment-medium size-medium\" alt=\"\" srcset=\"https:\/\/abcbureautique.com\/wp-content\/uploads\/2022\/08\/Sauvegarder-ses-fichier-dans-le-Cloud-avec-RCB-Informatique-300x204.png 300w, https:\/\/abcbureautique.com\/wp-content\/uploads\/2022\/08\/Sauvegarder-ses-fichier-dans-le-Cloud-avec-RCB-Informatique.png 530w\" sizes=\"(max-width: 300px) 100vw, 300px\" \/>\n\t\t\t<\/div><\/figure><figure class='gallery-item'>\n\t\t\t<div class='gallery-icon landscape'>\n\t\t\t\t<img loading=\"lazy\" decoding=\"async\" width=\"300\" height=\"300\" src=\"https:\/\/abcbureautique.com\/wp-content\/uploads\/2022\/08\/cp-8841-1-300x300.jpg\" class=\"attachment-medium size-medium\" alt=\"\" srcset=\"https:\/\/abcbureautique.com\/wp-content\/uploads\/2022\/08\/cp-8841-1-300x300.jpg 300w, https:\/\/abcbureautique.com\/wp-content\/uploads\/2022\/08\/cp-8841-1-150x150.jpg 150w, https:\/\/abcbureautique.com\/wp-content\/uploads\/2022\/08\/cp-8841-1.jpg 600w\" sizes=\"(max-width: 300px) 100vw, 300px\" \/>\n\t\t\t<\/div><\/figure>\n\t\t<\/div>\n\t\t<\/div>\n\t\t\t\t\t\t<\/div>\n\t\t\t\t<\/div>\n\t\t\t\t<div class=\"elementor-element elementor-element-aee9075 elementor-widget__width-initial elementor-widget elementor-widget-text-editor\" data-id=\"aee9075\" data-element_type=\"widget\" data-widget_type=\"text-editor.default\">\n\t\t\t\t<div class=\"elementor-widget-container\">\n\t\t\t\t\t\t\t\t\t<h1>et aussi sauvegarde externaliser et t\u00e9l\u00e9phonie sur IP.<\/h1>\t\t\t\t\t\t\t\t<\/div>\n\t\t\t\t<\/div>\n\t\t\t\t<div class=\"elementor-element elementor-element-5661f48 elementor-widget-divider--view-line elementor-widget elementor-widget-divider\" data-id=\"5661f48\" data-element_type=\"widget\" data-widget_type=\"divider.default\">\n\t\t\t\t<div class=\"elementor-widget-container\">\n\t\t\t\t\t\t\t<div class=\"elementor-divider\">\n\t\t\t<span class=\"elementor-divider-separator\">\n\t\t\t\t\t\t<\/span>\n\t\t<\/div>\n\t\t\t\t\t\t<\/div>\n\t\t\t\t<\/div>\n\t\t\t\t\t<\/div>\n\t\t<\/div>\n\t\t\t\t\t<\/div>\n\t\t<\/section>\n\t\t\t\t<section class=\"elementor-section elementor-top-section elementor-element elementor-element-4cc8d6c elementor-section-boxed elementor-section-height-default elementor-section-height-default\" data-id=\"4cc8d6c\" data-element_type=\"section\">\n\t\t\t\t\t\t<div class=\"elementor-container elementor-column-gap-default\">\n\t\t\t\t\t<div class=\"elementor-column elementor-col-100 elementor-top-column elementor-element elementor-element-ff9bcdd\" data-id=\"ff9bcdd\" data-element_type=\"column\">\n\t\t\t<div class=\"elementor-widget-wrap elementor-element-populated\">\n\t\t\t\t\t\t<div class=\"elementor-element elementor-element-4db6025 elementor-arrows-position-outside elementor-widget elementor-widget-image-carousel\" data-id=\"4db6025\" data-element_type=\"widget\" data-settings=\"{&quot;slides_to_show&quot;:&quot;2&quot;,&quot;navigation&quot;:&quot;arrows&quot;,&quot;pause_on_hover&quot;:&quot;no&quot;,&quot;pause_on_interaction&quot;:&quot;no&quot;,&quot;autoplay_speed&quot;:1500,&quot;autoplay&quot;:&quot;yes&quot;,&quot;infinite&quot;:&quot;yes&quot;,&quot;speed&quot;:500,&quot;image_spacing_custom&quot;:{&quot;unit&quot;:&quot;px&quot;,&quot;size&quot;:20,&quot;sizes&quot;:[]},&quot;image_spacing_custom_tablet&quot;:{&quot;unit&quot;:&quot;px&quot;,&quot;size&quot;:&quot;&quot;,&quot;sizes&quot;:[]},&quot;image_spacing_custom_mobile&quot;:{&quot;unit&quot;:&quot;px&quot;,&quot;size&quot;:&quot;&quot;,&quot;sizes&quot;:[]}}\" data-widget_type=\"image-carousel.default\">\n\t\t\t\t<div class=\"elementor-widget-container\">\n\t\t\t\t\t\t\t<div class=\"elementor-image-carousel-wrapper swiper\" role=\"region\" aria-roledescription=\"carousel\" aria-label=\"Carrousel d\u2019images\" dir=\"ltr\">\n\t\t\t<div class=\"elementor-image-carousel swiper-wrapper\" aria-live=\"off\">\n\t\t\t\t\t\t\t\t<div class=\"swiper-slide\" role=\"group\" aria-roledescription=\"slide\" aria-label=\"1 sur 6\"><figure class=\"swiper-slide-inner\"><img decoding=\"async\" class=\"swiper-slide-image\" src=\"https:\/\/abcbureautique.com\/wp-content\/uploads\/2022\/08\/Canon-Logo-Transparent-Images-1-300x83.png\" alt=\"Canon-copieur-traceur-imprimante-nice-contes-06\" \/><\/figure><\/div><div class=\"swiper-slide\" role=\"group\" aria-roledescription=\"slide\" aria-label=\"2 sur 6\"><figure class=\"swiper-slide-inner\"><img decoding=\"async\" class=\"swiper-slide-image\" src=\"https:\/\/abcbureautique.com\/wp-content\/uploads\/2022\/08\/Hp_logo_PNG8-1-300x191.png\" alt=\"Canon-copieur-traceur-imprimante-nice-contes-06\" \/><\/figure><\/div><div class=\"swiper-slide\" role=\"group\" aria-roledescription=\"slide\" aria-label=\"3 sur 6\"><figure class=\"swiper-slide-inner\"><img decoding=\"async\" class=\"swiper-slide-image\" src=\"https:\/\/abcbureautique.com\/wp-content\/uploads\/2022\/08\/favpng_ricoh-toner-cartridge-printer-printing-300x238.png\" alt=\"Canon-copieur-traceur-imprimante-nice-contes-06\" \/><\/figure><\/div><div class=\"swiper-slide\" role=\"group\" aria-roledescription=\"slide\" aria-label=\"4 sur 6\"><figure class=\"swiper-slide-inner\"><img decoding=\"async\" class=\"swiper-slide-image\" src=\"https:\/\/abcbureautique.com\/wp-content\/uploads\/2022\/08\/2000px-Konica_Minolta-300x174.png\" alt=\"Canon-copieur-traceur-imprimante-nice-contes-06\" \/><\/figure><\/div><div class=\"swiper-slide\" role=\"group\" aria-roledescription=\"slide\" aria-label=\"5 sur 6\"><figure class=\"swiper-slide-inner\"><img decoding=\"async\" class=\"swiper-slide-image\" src=\"https:\/\/abcbureautique.com\/wp-content\/uploads\/2022\/08\/favpng_kyocera-document-solutions-multi-function-printer-printing-300x64.png\" alt=\"Canon-copieur-traceur-imprimante-nice-contes-06\" \/><\/figure><\/div><div class=\"swiper-slide\" role=\"group\" aria-roledescription=\"slide\" aria-label=\"6 sur 6\"><figure class=\"swiper-slide-inner\"><img decoding=\"async\" class=\"swiper-slide-image\" src=\"https:\/\/abcbureautique.com\/wp-content\/uploads\/2022\/08\/Epson_logo_PNG1-300x169.png\" alt=\"Canon-copieur-traceur-imprimante-nice-contes-06\" \/><\/figure><\/div>\t\t\t<\/div>\n\t\t\t\t\t\t\t\t\t\t\t\t<div class=\"elementor-swiper-button elementor-swiper-button-prev\" role=\"button\" tabindex=\"0\">\n\t\t\t\t\t\t<i aria-hidden=\"true\" class=\"eicon-chevron-left\"><\/i>\t\t\t\t\t<\/div>\n\t\t\t\t\t<div class=\"elementor-swiper-button elementor-swiper-button-next\" role=\"button\" tabindex=\"0\">\n\t\t\t\t\t\t<i aria-hidden=\"true\" class=\"eicon-chevron-right\"><\/i>\t\t\t\t\t<\/div>\n\t\t\t\t\n\t\t\t\t\t\t\t\t\t<\/div>\n\t\t\t\t\t\t<\/div>\n\t\t\t\t<\/div>\n\t\t\t\t\t<\/div>\n\t\t<\/div>\n\t\t\t\t\t<\/div>\n\t\t<\/section>\n\t\t\t\t<\/div>\n\t\t","protected":false},"excerpt":{"rendered":"<p>Notre \u00e9quipe technique et commerciale, forte de 35 ann\u00e9es d\u2019exp\u00e9rience est \u00e0 votre \u00e9coute pour vous renseigner sur l\u2019achat ou la r\u00e9paration de votre mat\u00e9riel bureautique&nbsp;(toutes marques)&nbsp;. Traceur\u00a0 Imprimante Photocopieur Informatique PC &amp; Mac et aussi sauvegarde externaliser et t\u00e9l\u00e9phonie sur IP.<\/p>\n","protected":false},"author":1,"featured_media":0,"parent":0,"menu_order":0,"comment_status":"closed","ping_status":"closed","template":"","meta":{"footnotes":""},"class_list":["post-13","page","type-page","status-publish","hentry","entry"],"_links":{"self":[{"href":"https:\/\/abcbureautique.com\/index.php?rest_route=\/wp\/v2\/pages\/13","targetHints":{"allow":["GET"]}}],"collection":[{"href":"https:\/\/abcbureautique.com\/index.php?rest_route=\/wp\/v2\/pages"}],"about":[{"href":"https:\/\/abcbureautique.com\/index.php?rest_route=\/wp\/v2\/types\/page"}],"author":[{"embeddable":true,"href":"https:\/\/abcbureautique.com\/index.php?rest_route=\/wp\/v2\/users\/1"}],"replies":[{"embeddable":true,"href":"https:\/\/abcbureautique.com\/index.php?rest_route=%2Fwp%2Fv2%2Fcomments&post=13"}],"version-history":[{"count":52,"href":"https:\/\/abcbureautique.com\/index.php?rest_route=\/wp\/v2\/pages\/13\/revisions"}],"predecessor-version":[{"id":262,"href":"https:\/\/abcbureautique.com\/index.php?rest_route=\/wp\/v2\/pages\/13\/revisions\/262"}],"wp:attachment":[{"href":"https:\/\/abcbureautique.com\/index.php?rest_route=%2Fwp%2Fv2%2Fmedia&parent=13"}],"curies":[{"name":"wp","href":"https:\/\/api.w.org\/{rel}","templated":true}]}}