{"id":17,"date":"2022-08-20T04:37:13","date_gmt":"2022-08-20T04:37:13","guid":{"rendered":"https:\/\/abcbureautique.com\/?page_id=17"},"modified":"2022-08-20T05:56:15","modified_gmt":"2022-08-20T05:56:15","slug":"mentions-legales","status":"publish","type":"page","link":"https:\/\/abcbureautique.com\/?page_id=17","title":{"rendered":"Mentions l\u00e9gales"},"content":{"rendered":"\t\t<div data-elementor-type=\"wp-page\" data-elementor-id=\"17\" class=\"elementor elementor-17\">\n\t\t\t\t\t\t<section class=\"elementor-section elementor-top-section elementor-element elementor-element-197e89a elementor-section-boxed elementor-section-height-default elementor-section-height-default\" data-id=\"197e89a\" data-element_type=\"section\">\n\t\t\t\t\t\t<div class=\"elementor-container elementor-column-gap-default\">\n\t\t\t\t\t<div class=\"elementor-column elementor-col-100 elementor-top-column elementor-element elementor-element-2b9063f\" data-id=\"2b9063f\" data-element_type=\"column\">\n\t\t\t<div class=\"elementor-widget-wrap elementor-element-populated\">\n\t\t\t\t\t\t\t<\/div>\n\t\t<\/div>\n\t\t\t\t\t<\/div>\n\t\t<\/section>\n\t\t\t\t<section class=\"elementor-section elementor-top-section elementor-element elementor-element-99fb763 elementor-section-boxed elementor-section-height-default elementor-section-height-default\" data-id=\"99fb763\" data-element_type=\"section\">\n\t\t\t\t\t\t<div class=\"elementor-container elementor-column-gap-default\">\n\t\t\t\t\t<div class=\"elementor-column elementor-col-100 elementor-top-column elementor-element elementor-element-54ebdae\" data-id=\"54ebdae\" data-element_type=\"column\">\n\t\t\t<div class=\"elementor-widget-wrap elementor-element-populated\">\n\t\t\t\t\t\t<div class=\"elementor-element elementor-element-73dd455 elementor-widget elementor-widget-text-editor\" data-id=\"73dd455\" data-element_type=\"widget\" data-widget_type=\"text-editor.default\">\n\t\t\t\t<div class=\"elementor-widget-container\">\n\t\t\t\t\t\t\t\t\t<h4>LA COPIE, LA REPRODUCTION, L&rsquo;UTILISATION DES MARQUES, LOGOS, PHOTOS, DESSINS, TEXTES, BASES DE DONN\u00c9ES EST INTERDITE SOUS PEINE DE POURSUITE JUDICIAIRE. TOUT CONTREVENANT SERA SYST\u00c9MATIQUEMENT POURSUIVI.<\/h4><p>Copyright\u00a0<em>2022<\/em>\u00a0ABC BUREAUTIQUE , Tous droits r\u00e9serv\u00e9s<\/p><div><h4>PROPRI\u00c9TAIRE DU SITE INTERNET<\/h4><p>ABC BUREAUTIQUE<br \/>986 Quartier Roseyre\u00a0<br \/>06390 Contes<\/p><\/div><h4>PROTECTION DES DONN\u00c9ES<\/h4><p>Conform\u00e9ment \u00e0 la loi \u00ab\u00a0Informatique et Libert\u00e9s\u00a0\u00bb du 6 janvier 1978, vous disposez aupr\u00e8s de ABC BUREAUTIQUE,\u00a0<span style=\"font-family: Roboto, sans-serif; font-size: 14px; font-style: normal; font-variant-ligatures: normal; font-variant-caps: normal; font-weight: 400; color: var( --e-global-color-text );\">986 Quartier Roseyre,\u00a0<\/span><span style=\"font-family: Roboto, sans-serif; font-size: 14px; font-style: normal; font-variant-ligatures: normal; font-variant-caps: normal; font-weight: 400; color: var( --e-global-color-text );\">06390 Contes<\/span><span style=\"font-size: 14px; color: var( --e-global-color-text );\">, d&rsquo;un droit d&rsquo;acc\u00e8s, de rectification ou de suppression des donn\u00e9es qui vous concernent. Ces donn\u00e9es sont celles que vous aurez volontairement enregistr\u00e9es en remplissant le formulaire de contact. Aucune information personnelle vous concernant n&rsquo;est c\u00e9d\u00e9e \u00e0 des tiers ou utilis\u00e9e \u00e0 des fins non pr\u00e9vues.<\/span><\/p><h4>DROITS D&rsquo;AUTEUR ET DE PROPRI\u00c9T\u00c9 INTELLECTUELLE<\/h4><p>Tous les \u00e9l\u00e9ments, notamment les textes, vid\u00e9os, dessins, images, photographies, illustrations, sons, musiques, mis en ligne sur le site pibsolutions.com sont, sauf mentions particuli\u00e8res, la propri\u00e9t\u00e9 de ABC BUREAUTIQUE.<br \/>En cons\u00e9quence et en application des dispositions du Code de la propri\u00e9t\u00e9 intellectuelle, des dispositions l\u00e9gislatives et r\u00e9glementaires de tous pays et des conventions internationales, toute repr\u00e9sentation et \/ ou reproduction, int\u00e9grale ou partielle, de l&rsquo;un quelconque des \u00e9l\u00e9ments mentionn\u00e9s ci-dessus, faite sans le consentement pr\u00e9alable et \u00e9crit de la ABC BUREAUTIQUE, est interdite.<br \/>Les marques cit\u00e9es sur le site sont d\u00e9pos\u00e9es par les soci\u00e9t\u00e9s ou organismes qui en sont propri\u00e9taires. Leur reproduction ou utilisation, de quelque sorte, est interdite.<br \/>L&rsquo;utilisation de ce site est r\u00e9serv\u00e9e \u00e0 un usage strictement personnel. Toute reproduction ou repr\u00e9sentation, en tout ou partie, \u00e0 d&rsquo;autres fins sur un quelconque support est interdite. Le non-respect de cette interdiction constitue une contrefa\u00e7on pouvant engager la responsabilit\u00e9 civile et p\u00e9nale du contrefacteur.<\/p><h4>LIENS EN DIRECTION DU SITE INTERNET<\/h4><p>Tout lien en direction du site pibsolutions.com doit faire l&rsquo;objet de l&rsquo;autorisation pr\u00e9alable et \u00e9crite de celui-ci. Aussi, ABC BUREAUTIQUE d\u00e9cline toute responsabilit\u00e9 concernant le contenu de sites li\u00e9s au sien, et plus g\u00e9n\u00e9ralement du fait de ces liens.<\/p><h4>INFORMATIONS SUR LES PRODUITS, SERVICES ET TEXTES<\/h4><p><span style=\"font-family: Roboto, sans-serif; font-size: 14px; font-style: normal; font-variant-ligatures: normal; font-variant-caps: normal; font-weight: 400; color: var( --e-global-color-text );\">ABC BUREAUTIQUE<\/span>\u00a0s&rsquo;efforce d&rsquo;assurer au mieux de ses possibilit\u00e9s logistiques et techniques que les informations diffus\u00e9es sur le site sont conformes et mises \u00e0 jour.<br \/><span style=\"font-family: Roboto, sans-serif; font-size: 14px; font-style: normal; font-variant-ligatures: normal; font-variant-caps: normal; font-weight: 400;\">ABC BUREAUTIQUE<\/span>\u00a0se r\u00e9serve le droit de modifier \u00e0 tout moment et sans pr\u00e9avis la charte graphique, le contenu de son site ainsi que les produits et services associ\u00e9s. Du fait des mises \u00e0 jour r\u00e9guli\u00e8res,\u00a0<span style=\"font-family: Roboto, sans-serif; font-size: 14px; font-style: normal; font-variant-ligatures: normal; font-variant-caps: normal; font-weight: 400; color: var( --e-global-color-text );\">ABC BUREAUTIQUE<\/span><span style=\"font-size: 14px; color: var( --e-global-color-text );\">\u00a0ne peut garantir l&rsquo;exactitude et l&rsquo;exhaustivit\u00e9 des informations mises \u00e0 disposition des internautes sur le site.<\/span><\/p><p>De plus,\u00a0<span style=\"font-family: Roboto, sans-serif; font-size: 14px; font-style: normal; font-variant-ligatures: normal; font-variant-caps: normal; font-weight: 400; color: var( --e-global-color-text );\">ABC BUREAUTIQUE<\/span><span style=\"font-size: 14px; color: var( --e-global-color-text );\">\u00a0d\u00e9cline toute responsabilit\u00e9 :<br \/><\/span><span style=\"font-size: 14px; color: var( --e-global-color-text );\"><br \/>&#8211; pour tous dommages r\u00e9sultant d&rsquo;une intrusion d&rsquo;un tiers ayant entra\u00een\u00e9 une modification des informations et des protections contenues dans le site,<br \/><\/span><span style=\"font-size: 14px; color: var( --e-global-color-text );\">&#8211; pour tous dommages directs ou indirects quels qu&rsquo;en soient la cause, l&rsquo;origine et la nature,<br \/><\/span><span style=\"font-size: 14px; color: var( --e-global-color-text );\">&#8211; pour les cons\u00e9quences r\u00e9sultant de l&rsquo;acc\u00e8s au site ou de son impossibilit\u00e9 d&rsquo;y acc\u00e9der,<br \/><\/span><span style=\"font-size: 14px; color: var( --e-global-color-text );\">&#8211; pour tous dommages caus\u00e9s sur le mat\u00e9riel des utilisateurs du site<\/span><\/p>\t\t\t\t\t\t\t\t<\/div>\n\t\t\t\t<\/div>\n\t\t\t\t\t<\/div>\n\t\t<\/div>\n\t\t\t\t\t<\/div>\n\t\t<\/section>\n\t\t\t\t<\/div>\n\t\t","protected":false},"excerpt":{"rendered":"<p>LA COPIE, LA REPRODUCTION, L&rsquo;UTILISATION DES MARQUES, LOGOS, PHOTOS, DESSINS, TEXTES, BASES DE DONN\u00c9ES EST INTERDITE SOUS PEINE DE POURSUITE JUDICIAIRE. TOUT CONTREVENANT SERA SYST\u00c9MATIQUEMENT POURSUIVI. Copyright\u00a02022\u00a0ABC BUREAUTIQUE , Tous droits r\u00e9serv\u00e9s PROPRI\u00c9TAIRE DU SITE INTERNET ABC BUREAUTIQUE986 Quartier Roseyre\u00a006390 Contes PROTECTION DES DONN\u00c9ES Conform\u00e9ment \u00e0 la loi \u00ab\u00a0Informatique et Libert\u00e9s\u00a0\u00bb du 6 janvier 1978, [&hellip;]<\/p>\n","protected":false},"author":1,"featured_media":0,"parent":0,"menu_order":0,"comment_status":"closed","ping_status":"closed","template":"","meta":{"footnotes":""},"class_list":["post-17","page","type-page","status-publish","hentry","entry"],"_links":{"self":[{"href":"https:\/\/abcbureautique.com\/index.php?rest_route=\/wp\/v2\/pages\/17","targetHints":{"allow":["GET"]}}],"collection":[{"href":"https:\/\/abcbureautique.com\/index.php?rest_route=\/wp\/v2\/pages"}],"about":[{"href":"https:\/\/abcbureautique.com\/index.php?rest_route=\/wp\/v2\/types\/page"}],"author":[{"embeddable":true,"href":"https:\/\/abcbureautique.com\/index.php?rest_route=\/wp\/v2\/users\/1"}],"replies":[{"embeddable":true,"href":"https:\/\/abcbureautique.com\/index.php?rest_route=%2Fwp%2Fv2%2Fcomments&post=17"}],"version-history":[{"count":4,"href":"https:\/\/abcbureautique.com\/index.php?rest_route=\/wp\/v2\/pages\/17\/revisions"}],"predecessor-version":[{"id":46,"href":"https:\/\/abcbureautique.com\/index.php?rest_route=\/wp\/v2\/pages\/17\/revisions\/46"}],"wp:attachment":[{"href":"https:\/\/abcbureautique.com\/index.php?rest_route=%2Fwp%2Fv2%2Fmedia&parent=17"}],"curies":[{"name":"wp","href":"https:\/\/api.w.org\/{rel}","templated":true}]}}